{"id":892,"date":"2025-03-27T11:19:29","date_gmt":"2025-03-27T10:19:29","guid":{"rendered":"https:\/\/www.magexo.cz\/kariera\/?page_id=892"},"modified":"2025-05-21T10:24:11","modified_gmt":"2025-05-21T08:24:11","slug":"kariera","status":"publish","type":"page","link":"https:\/\/www.magexo.cz\/kariera\/","title":{"rendered":"Hlavn\u00ed strana"},"content":{"rendered":"","protected":false},"excerpt":{"rendered":"","protected":false},"author":5,"featured_media":0,"parent":0,"menu_order":0,"comment_status":"closed","ping_status":"closed","template":"page-templates\/front-page-carrer.php","meta":{"_acf_changed":false,"footnotes":""},"class_list":["post-892","page","type-page","status-publish","hentry"],"acf":[],"yoast_head":"<!-- This site is optimized with the Yoast SEO plugin v23.7 - https:\/\/yoast.com\/wordpress\/plugins\/seo\/ -->\n<title>Hlavn\u00ed strana - Kari\u00e9ra MageXo<\/title>\n<meta name=\"robots\" content=\"index, follow, max-snippet:-1, max-image-preview:large, max-video-preview:-1\" \/>\n<link rel=\"canonical\" href=\"https:\/\/www.magexo.cz\/kariera\/\" \/>\n<meta property=\"og:locale\" content=\"cs_CZ\" \/>\n<meta property=\"og:type\" content=\"article\" \/>\n<meta property=\"og:title\" content=\"Hlavn\u00ed strana - Kari\u00e9ra MageXo\" \/>\n<meta property=\"og:url\" content=\"https:\/\/www.magexo.cz\/kariera\/\" \/>\n<meta property=\"og:site_name\" content=\"Kari\u00e9ra MageXo\" \/>\n<meta property=\"article:modified_time\" content=\"2025-05-21T08:24:11+00:00\" \/>\n<meta name=\"twitter:card\" content=\"summary_large_image\" \/>\n<script type=\"application\/ld+json\" class=\"yoast-schema-graph\">{\"@context\":\"https:\/\/schema.org\",\"@graph\":[{\"@type\":\"WebPage\",\"@id\":\"https:\/\/www.magexo.cz\/kariera\/\",\"url\":\"https:\/\/www.magexo.cz\/kariera\/\",\"name\":\"Hlavn\u00ed strana - Kari\u00e9ra MageXo\",\"isPartOf\":{\"@id\":\"https:\/\/www.magexo.cz\/kariera\/#website\"},\"datePublished\":\"2025-03-27T10:19:29+00:00\",\"dateModified\":\"2025-05-21T08:24:11+00:00\",\"breadcrumb\":{\"@id\":\"https:\/\/www.magexo.cz\/kariera\/#breadcrumb\"},\"inLanguage\":\"cs\",\"potentialAction\":[{\"@type\":\"ReadAction\",\"target\":[\"https:\/\/www.magexo.cz\/kariera\/\"]}]},{\"@type\":\"BreadcrumbList\",\"@id\":\"https:\/\/www.magexo.cz\/kariera\/#breadcrumb\",\"itemListElement\":[{\"@type\":\"ListItem\",\"position\":1,\"name\":\"Dom\u016f\",\"item\":\"https:\/\/www.magexo.cz\/kariera\/\"},{\"@type\":\"ListItem\",\"position\":2,\"name\":\"Hlavn\u00ed strana\"}]},{\"@type\":\"WebSite\",\"@id\":\"https:\/\/www.magexo.cz\/kariera\/#website\",\"url\":\"https:\/\/www.magexo.cz\/kariera\/\",\"name\":\"Kari\u00e9ra MageXo\",\"description\":\"Dal\u0161\u00ed nov\u00fd web v r\u00e1mci s\u00edt\u011b MageXo s\u00ed\u0165 web\u016f\",\"potentialAction\":[{\"@type\":\"SearchAction\",\"target\":{\"@type\":\"EntryPoint\",\"urlTemplate\":\"https:\/\/www.magexo.cz\/kariera\/?s={search_term_string}\"},\"query-input\":{\"@type\":\"PropertyValueSpecification\",\"valueRequired\":true,\"valueName\":\"search_term_string\"}}],\"inLanguage\":\"cs\"}]}<\/script>\n<!-- \/ Yoast SEO plugin. -->","yoast_head_json":{"title":"Hlavn\u00ed strana - Kari\u00e9ra MageXo","robots":{"index":"index","follow":"follow","max-snippet":"max-snippet:-1","max-image-preview":"max-image-preview:large","max-video-preview":"max-video-preview:-1"},"canonical":"https:\/\/www.magexo.cz\/kariera\/","og_locale":"cs_CZ","og_type":"article","og_title":"Hlavn\u00ed strana - Kari\u00e9ra MageXo","og_url":"https:\/\/www.magexo.cz\/kariera\/","og_site_name":"Kari\u00e9ra MageXo","article_modified_time":"2025-05-21T08:24:11+00:00","twitter_card":"summary_large_image","schema":{"@context":"https:\/\/schema.org","@graph":[{"@type":"WebPage","@id":"https:\/\/www.magexo.cz\/kariera\/","url":"https:\/\/www.magexo.cz\/kariera\/","name":"Hlavn\u00ed strana - Kari\u00e9ra MageXo","isPartOf":{"@id":"https:\/\/www.magexo.cz\/kariera\/#website"},"datePublished":"2025-03-27T10:19:29+00:00","dateModified":"2025-05-21T08:24:11+00:00","breadcrumb":{"@id":"https:\/\/www.magexo.cz\/kariera\/#breadcrumb"},"inLanguage":"cs","potentialAction":[{"@type":"ReadAction","target":["https:\/\/www.magexo.cz\/kariera\/"]}]},{"@type":"BreadcrumbList","@id":"https:\/\/www.magexo.cz\/kariera\/#breadcrumb","itemListElement":[{"@type":"ListItem","position":1,"name":"Dom\u016f","item":"https:\/\/www.magexo.cz\/kariera\/"},{"@type":"ListItem","position":2,"name":"Hlavn\u00ed strana"}]},{"@type":"WebSite","@id":"https:\/\/www.magexo.cz\/kariera\/#website","url":"https:\/\/www.magexo.cz\/kariera\/","name":"Kari\u00e9ra MageXo","description":"Dal\u0161\u00ed nov\u00fd web v r\u00e1mci s\u00edt\u011b MageXo s\u00ed\u0165 web\u016f","potentialAction":[{"@type":"SearchAction","target":{"@type":"EntryPoint","urlTemplate":"https:\/\/www.magexo.cz\/kariera\/?s={search_term_string}"},"query-input":{"@type":"PropertyValueSpecification","valueRequired":true,"valueName":"search_term_string"}}],"inLanguage":"cs"}]}},"_links":{"self":[{"href":"https:\/\/www.magexo.cz\/kariera\/wp-json\/wp\/v2\/pages\/892"}],"collection":[{"href":"https:\/\/www.magexo.cz\/kariera\/wp-json\/wp\/v2\/pages"}],"about":[{"href":"https:\/\/www.magexo.cz\/kariera\/wp-json\/wp\/v2\/types\/page"}],"author":[{"embeddable":true,"href":"https:\/\/www.magexo.cz\/kariera\/wp-json\/wp\/v2\/users\/5"}],"replies":[{"embeddable":true,"href":"https:\/\/www.magexo.cz\/kariera\/wp-json\/wp\/v2\/comments?post=892"}],"version-history":[{"count":11,"href":"https:\/\/www.magexo.cz\/kariera\/wp-json\/wp\/v2\/pages\/892\/revisions"}],"predecessor-version":[{"id":943,"href":"https:\/\/www.magexo.cz\/kariera\/wp-json\/wp\/v2\/pages\/892\/revisions\/943"}],"wp:attachment":[{"href":"https:\/\/www.magexo.cz\/kariera\/wp-json\/wp\/v2\/media?parent=892"}],"curies":[{"name":"wp","href":"https:\/\/api.w.org\/{rel}","templated":true}]}}