{"id":238,"date":"2020-06-14T15:17:04","date_gmt":"2020-06-14T13:17:04","guid":{"rendered":"https:\/\/magexo.matosoft.cz\/kariera?page_id=111"},"modified":"2020-06-14T15:17:04","modified_gmt":"2020-06-14T13:17:04","slug":"to-chci-delat","status":"publish","type":"page","link":"https:\/\/www.magexo.cz\/kariera\/to-chci-delat\/","title":{"rendered":"To chci d\u011blat"},"content":{"rendered":"\n\n<div class=\"wpcf7 no-js\" id=\"wpcf7-f240-o1\" lang=\"cs-CZ\" dir=\"ltr\">\n<div class=\"screen-reader-response\"><p role=\"status\" aria-live=\"polite\" aria-atomic=\"true\"><\/p> <ul><\/ul><\/div>\n<form action=\"\/kariera\/wp-json\/wp\/v2\/pages\/238#wpcf7-f240-o1\" method=\"post\" class=\"wpcf7-form init wpcf7-acceptance-as-validation\" aria-label=\"Kontaktn\u00ed formul\u00e1\u0159\" enctype=\"multipart\/form-data\" novalidate=\"novalidate\" data-status=\"init\">\n<div style=\"display: none;\">\n<input type=\"hidden\" name=\"_wpcf7\" value=\"240\" \/>\n<input type=\"hidden\" name=\"_wpcf7_version\" value=\"5.9.8\" \/>\n<input type=\"hidden\" name=\"_wpcf7_locale\" value=\"cs_CZ\" \/>\n<input type=\"hidden\" name=\"_wpcf7_unit_tag\" value=\"wpcf7-f240-o1\" \/>\n<input type=\"hidden\" name=\"_wpcf7_container_post\" value=\"0\" \/>\n<input type=\"hidden\" name=\"_wpcf7_posted_data_hash\" value=\"\" \/>\n<input type=\"hidden\" name=\"_wpcf7dtx_version\" value=\"4.5.0\" \/>\n<input type=\"hidden\" name=\"_wpcf7_recaptcha_response\" value=\"\" \/>\n<\/div>\n<div class=\"form-box\">\n\t<div class=\"form-box-section form-box-section--thin\">\n\t\t<div class=\"form-row\">\n\t\t\t<div class=\"form-col form-col--required\">\n\t\t\t\t<p><span class=\"wpcf7-form-control-wrap\" data-name=\"your-name\"><input size=\"40\" maxlength=\"400\" class=\"wpcf7-form-control wpcf7-text wpcf7-validates-as-required\" aria-required=\"true\" aria-invalid=\"false\" placeholder=\"Jm\u00e9no a p\u0159\u00edjmen\u00ed\" value=\"\" type=\"text\" name=\"your-name\" \/><\/span>\n\t\t\t\t<\/p>\n\t\t\t<\/div>\n\t\t<\/div>\n\t\t<div class=\"form-row\">\n\t\t\t<div class=\"form-col form-col--required\">\n\t\t\t\t<p><span class=\"wpcf7-form-control-wrap\" data-name=\"your-email\"><input size=\"40\" maxlength=\"400\" class=\"wpcf7-form-control wpcf7-email wpcf7-validates-as-required wpcf7-text wpcf7-validates-as-email\" aria-required=\"true\" aria-invalid=\"false\" placeholder=\"E-mail\" value=\"\" type=\"email\" name=\"your-email\" \/><\/span>\n\t\t\t\t<\/p>\n\t\t\t<\/div>\n\t\t<\/div>\n\t\t<div class=\"form-row\">\n\t\t\t<div class=\"form-col form-col--required\">\n\t\t\t\t<p><span class=\"wpcf7-form-control-wrap\" data-name=\"your-phone\"><input size=\"40\" maxlength=\"400\" class=\"wpcf7-form-control wpcf7-tel wpcf7-validates-as-required wpcf7-text wpcf7-validates-as-tel\" aria-required=\"true\" aria-invalid=\"false\" placeholder=\"Kam se ti m\u016f\u017eeme dovolat?\" value=\"\" type=\"tel\" name=\"your-phone\" \/><\/span>\n\t\t\t\t<\/p>\n\t\t\t<\/div>\n\t\t<\/div>\n\t\t<div class=\"form-row\">\n\t\t\t<div class=\"form-col form-col--required\">\n\t\t\t\t<p><span class=\"wpcf7-form-control-wrap\" data-name=\"your-message\"><textarea cols=\"40\" rows=\"10\" maxlength=\"2000\" class=\"wpcf7-form-control wpcf7-textarea wpcf7-validates-as-required\" aria-required=\"true\" aria-invalid=\"false\" placeholder=\"Chce\u0161 n\u00e1m n\u011bco napsat?\" name=\"your-message\"><\/textarea><\/span>\n\t\t\t\t<\/p>\n\t\t\t<\/div>\n\t\t<\/div>\n\t<\/div>\n\t<div class=\"form-box-section form-box-section--thin\">\n\t\t<div class=\"form-row\">\n\t\t\t<div class=\"form-col\">\n\t\t\t\t<div class=\"form-col__info\">\n\t\t\t\t\t<p>Tady pros\u00edm p\u0159ilo\u017e svoje CV\n\t\t\t\t\t<\/p>\n\t\t\t\t<\/div>\n\t\t\t\t<p><span class=\"wpcf7-form-control-wrap\" data-name=\"your-cv\"><input size=\"40\" class=\"wpcf7-form-control wpcf7-file\" accept=\".pdf,.docx,.doc,.txt,.rtf\" aria-invalid=\"false\" type=\"file\" name=\"your-cv\" \/><\/span>\n\t\t\t\t<\/p>\n\t\t\t<\/div>\n\t\t<\/div>\n\t<\/div>\n\t<div class=\"form-box-section form-box-section--thin\">\n\t\t<div class=\"form-row\">\n\t\t\t<div class=\"form-col\">\n\t\t\t\t<div class=\"form-col__info\">\n\t\t\t\t\t<p><img data-aspectratio=\"114\/29\" src=\"data:image\/gif;base64,R0lGODlhAQABAIAAAAAAAP\/\/\/yH5BAEAAAAALAAAAAABAAEAAAIBRAA7\" decoding=\"async\" data-src=\"\/coGhk58axEfl4\/themes\/magexo\/img\/\/linkedin-logo.svg\" width=\"114\" height=\"29\" alt=\"LinkedIn\" \/ class=\"lazyload\"><noscript><img decoding=\"async\" src=\"\/coGhk58axEfl4\/themes\/magexo\/img\/\/linkedin-logo.svg\" width=\"114\" height=\"29\" alt=\"LinkedIn\" \/><\/noscript>M\u00e1\u0161 profil na LinkedIn? Sem s n\u00edm. Je na tob\u011b, jestli po\u0161le\u0161 CV nebo profil na LinkedIn (p\u0159\u00edpad\u011b oboj\u00ed), ka\u017edop\u00e1dn\u011b n\u00e1m po\u0161li alespo\u0148 jedno z toho \ud83d\ude42\n\t\t\t\t\t<\/p>\n\t\t\t\t<\/div>\n\t\t\t\t<p><span class=\"wpcf7-form-control-wrap\" data-name=\"your-linkedin\"><input size=\"40\" maxlength=\"400\" class=\"wpcf7-form-control wpcf7-url wpcf7-text wpcf7-validates-as-url\" aria-invalid=\"false\" placeholder=\"Odkaz na LinkedIn\" value=\"\" type=\"url\" name=\"your-linkedin\" \/><\/span>\n\t\t\t\t<\/p>\n\t\t\t<\/div>\n\t\t<\/div>\n\t<\/div>\n\t<div class=\"form-box-section form-box-section--thin\">\n\t\t<div class=\"form-row\">\n\t\t\t<div class=\"form-col form-col--left\">\n\t\t\t\t<p><span class=\"wpcf7-form-control-wrap\" data-name=\"your-acceptance\"><span class=\"wpcf7-form-control wpcf7-acceptance\"><span class=\"wpcf7-list-item\"><label><input type=\"checkbox\" name=\"your-acceptance\" value=\"1\" aria-invalid=\"false\" \/><span class=\"wpcf7-list-item-label\"><span style=\"color: #e4002b;\">* <\/span>Souhlas\u00edm se zpracov\u00e1n\u00edm <a href=\"https:\/\/www.magexo.cz\/souhlas-se-zpracovanim-osobnich-udaju\/\">osobn\u00edch \u00fadaj\u016f.<\/a> A tak\u00e9 souhlas\u00edm, aby mi dali v\u011bd\u011bt z firmy MageXo s.r.o., I\u010cO: 24771406, Proseck\u00e1 855\/68, Prosek, 190 00 Praha, kdy\u017e pro m\u011b budou m\u00edt i jinou vhodnou pozici. (Pro v\u00fdb\u011brov\u00e9 \u0159\u00edzen\u00ed na tuto pracovn\u00ed pozici bude spole\u010dnost MageXo s.r.o., Proseck\u00e1 855\/68, 190 00, Praha 9, jako\u017eto spr\u00e1vce, zpracov\u00e1vat V\u00e1mi poskytnut\u00e9 (\u010di z ve\u0159ejn\u00fdch zdroj\u016f z\u00edskan\u00e9) osobn\u00ed \u00fadaje, a to v souladu s obecn\u00fdm na\u0159\u00edzen\u00edm o ochran\u011b osobn\u00edch \u00fadaj\u016f (EU) 2016\/679.)<\/span><\/label><\/span><\/span><\/span>\n\t\t\t\t<\/p>\n\t\t\t<\/div>\n\t\t<\/div>\n\t<\/div>\n\t<div class=\"form-box-section form-box-section--thin\">\n\t\t<div class=\"form-row form-row--btn\">\n\t\t\t<div class=\"form-col\">\n\t\t\t\n\t\t\t<\/div>\n\t\t<\/div>\n\t<\/div>\n\t<div class=\"form-box-section form-box-section--thin\">\n\t\t<div class=\"form-row form-row--btn\">\n\t\t\t<div class=\"form-col form-col--center\">\n\t\t\t\t<p><input class=\"wpcf7-form-control wpcf7-submit has-spinner btn btn--job\" type=\"submit\" value=\"Odeslat\" \/><span id=\"wpcf7-6a03ce5798e18-wrapper\" class=\"wpcf7-form-control-wrap email-wrap\" style=\"display:none !important; visibility:hidden !important;\"><label for=\"wpcf7-6a03ce5798e18-field\" class=\"hp-message\">Ponechte toto pole pr\u00e1zdn\u00e9.<\/label><input id=\"wpcf7-6a03ce5798e18-field\"  class=\"wpcf7-form-control wpcf7-text\" type=\"text\" name=\"email\" value=\"\" size=\"40\" tabindex=\"-1\" autocomplete=\"new-password\" \/><\/span>\n\t\t\t\t<\/p>\n\t\t\t<\/div>\n\t\t<\/div>\n\t<\/div>\n<span class=\"wpcf7-form-control-wrap your-job\" data-name=\"your-job\"><input type=\"hidden\" name=\"your-job\" id=\"\" class=\"wpcf7-form-control wpcf7-hidden wpcf7dtx wpcf7dtx-hidden\" aria-invalid=\"false\" value=\"\" \/><\/span>\n<\/div><input type='hidden' class='wpcf7-pum' value='{\"closepopup\":false,\"closedelay\":0,\"openpopup\":false,\"openpopup_id\":0}' \/><div class=\"wpcf7-response-output\" aria-hidden=\"true\"><\/div>\n<\/form>\n<\/div>\n\n","protected":false},"excerpt":{"rendered":"","protected":false},"author":5,"featured_media":0,"parent":0,"menu_order":0,"comment_status":"closed","ping_status":"closed","template":"","meta":{"_acf_changed":false,"footnotes":""},"class_list":["post-238","page","type-page","status-publish","hentry"],"acf":[],"yoast_head":"<!-- This site is optimized with the Yoast SEO plugin v23.7 - https:\/\/yoast.com\/wordpress\/plugins\/seo\/ -->\n<title>To chci d\u011blat - Kari\u00e9ra MageXo<\/title>\n<meta name=\"robots\" content=\"index, follow, max-snippet:-1, max-image-preview:large, max-video-preview:-1\" \/>\n<link rel=\"canonical\" href=\"https:\/\/www.magexo.cz\/kariera\/to-chci-delat\/\" \/>\n<meta property=\"og:locale\" content=\"cs_CZ\" \/>\n<meta property=\"og:type\" content=\"article\" \/>\n<meta property=\"og:title\" content=\"To chci d\u011blat - Kari\u00e9ra MageXo\" \/>\n<meta property=\"og:url\" content=\"https:\/\/www.magexo.cz\/kariera\/to-chci-delat\/\" \/>\n<meta property=\"og:site_name\" content=\"Kari\u00e9ra MageXo\" \/>\n<meta name=\"twitter:card\" content=\"summary_large_image\" \/>\n<script type=\"application\/ld+json\" class=\"yoast-schema-graph\">{\"@context\":\"https:\/\/schema.org\",\"@graph\":[{\"@type\":\"WebPage\",\"@id\":\"https:\/\/www.magexo.cz\/kariera\/to-chci-delat\/\",\"url\":\"https:\/\/www.magexo.cz\/kariera\/to-chci-delat\/\",\"name\":\"To chci d\u011blat - Kari\u00e9ra MageXo\",\"isPartOf\":{\"@id\":\"https:\/\/www.magexo.cz\/kariera\/#website\"},\"datePublished\":\"2020-06-14T13:17:04+00:00\",\"dateModified\":\"2020-06-14T13:17:04+00:00\",\"breadcrumb\":{\"@id\":\"https:\/\/www.magexo.cz\/kariera\/to-chci-delat\/#breadcrumb\"},\"inLanguage\":\"cs\",\"potentialAction\":[{\"@type\":\"ReadAction\",\"target\":[\"https:\/\/www.magexo.cz\/kariera\/to-chci-delat\/\"]}]},{\"@type\":\"BreadcrumbList\",\"@id\":\"https:\/\/www.magexo.cz\/kariera\/to-chci-delat\/#breadcrumb\",\"itemListElement\":[{\"@type\":\"ListItem\",\"position\":1,\"name\":\"Dom\u016f\",\"item\":\"https:\/\/www.magexo.cz\/kariera\/\"},{\"@type\":\"ListItem\",\"position\":2,\"name\":\"To chci d\u011blat\"}]},{\"@type\":\"WebSite\",\"@id\":\"https:\/\/www.magexo.cz\/kariera\/#website\",\"url\":\"https:\/\/www.magexo.cz\/kariera\/\",\"name\":\"Kari\u00e9ra MageXo\",\"description\":\"Dal\u0161\u00ed nov\u00fd web v r\u00e1mci s\u00edt\u011b MageXo s\u00ed\u0165 web\u016f\",\"potentialAction\":[{\"@type\":\"SearchAction\",\"target\":{\"@type\":\"EntryPoint\",\"urlTemplate\":\"https:\/\/www.magexo.cz\/kariera\/?s={search_term_string}\"},\"query-input\":{\"@type\":\"PropertyValueSpecification\",\"valueRequired\":true,\"valueName\":\"search_term_string\"}}],\"inLanguage\":\"cs\"}]}<\/script>\n<!-- \/ Yoast SEO plugin. -->","yoast_head_json":{"title":"To chci d\u011blat - Kari\u00e9ra MageXo","robots":{"index":"index","follow":"follow","max-snippet":"max-snippet:-1","max-image-preview":"max-image-preview:large","max-video-preview":"max-video-preview:-1"},"canonical":"https:\/\/www.magexo.cz\/kariera\/to-chci-delat\/","og_locale":"cs_CZ","og_type":"article","og_title":"To chci d\u011blat - Kari\u00e9ra MageXo","og_url":"https:\/\/www.magexo.cz\/kariera\/to-chci-delat\/","og_site_name":"Kari\u00e9ra MageXo","twitter_card":"summary_large_image","schema":{"@context":"https:\/\/schema.org","@graph":[{"@type":"WebPage","@id":"https:\/\/www.magexo.cz\/kariera\/to-chci-delat\/","url":"https:\/\/www.magexo.cz\/kariera\/to-chci-delat\/","name":"To chci d\u011blat - Kari\u00e9ra MageXo","isPartOf":{"@id":"https:\/\/www.magexo.cz\/kariera\/#website"},"datePublished":"2020-06-14T13:17:04+00:00","dateModified":"2020-06-14T13:17:04+00:00","breadcrumb":{"@id":"https:\/\/www.magexo.cz\/kariera\/to-chci-delat\/#breadcrumb"},"inLanguage":"cs","potentialAction":[{"@type":"ReadAction","target":["https:\/\/www.magexo.cz\/kariera\/to-chci-delat\/"]}]},{"@type":"BreadcrumbList","@id":"https:\/\/www.magexo.cz\/kariera\/to-chci-delat\/#breadcrumb","itemListElement":[{"@type":"ListItem","position":1,"name":"Dom\u016f","item":"https:\/\/www.magexo.cz\/kariera\/"},{"@type":"ListItem","position":2,"name":"To chci d\u011blat"}]},{"@type":"WebSite","@id":"https:\/\/www.magexo.cz\/kariera\/#website","url":"https:\/\/www.magexo.cz\/kariera\/","name":"Kari\u00e9ra MageXo","description":"Dal\u0161\u00ed nov\u00fd web v r\u00e1mci s\u00edt\u011b MageXo s\u00ed\u0165 web\u016f","potentialAction":[{"@type":"SearchAction","target":{"@type":"EntryPoint","urlTemplate":"https:\/\/www.magexo.cz\/kariera\/?s={search_term_string}"},"query-input":{"@type":"PropertyValueSpecification","valueRequired":true,"valueName":"search_term_string"}}],"inLanguage":"cs"}]}},"_links":{"self":[{"href":"https:\/\/www.magexo.cz\/kariera\/wp-json\/wp\/v2\/pages\/238"}],"collection":[{"href":"https:\/\/www.magexo.cz\/kariera\/wp-json\/wp\/v2\/pages"}],"about":[{"href":"https:\/\/www.magexo.cz\/kariera\/wp-json\/wp\/v2\/types\/page"}],"author":[{"embeddable":true,"href":"https:\/\/www.magexo.cz\/kariera\/wp-json\/wp\/v2\/users\/5"}],"replies":[{"embeddable":true,"href":"https:\/\/www.magexo.cz\/kariera\/wp-json\/wp\/v2\/comments?post=238"}],"version-history":[{"count":0,"href":"https:\/\/www.magexo.cz\/kariera\/wp-json\/wp\/v2\/pages\/238\/revisions"}],"wp:attachment":[{"href":"https:\/\/www.magexo.cz\/kariera\/wp-json\/wp\/v2\/media?parent=238"}],"curies":[{"name":"wp","href":"https:\/\/api.w.org\/{rel}","templated":true}]}}