{"id":213,"date":"2020-06-14T14:57:25","date_gmt":"2020-06-14T12:57:25","guid":{"rendered":"https:\/\/magexo.matosoft.cz\/kariera\/?page_id=76"},"modified":"2020-09-15T15:46:26","modified_gmt":"2020-09-15T13:46:26","slug":"volne-pozice","status":"publish","type":"page","link":"https:\/\/www.magexo.cz\/kariera\/volne-pozice\/","title":{"rendered":"P\u0159idej se k n\u00e1m a zm\u011b\u0148 sv\u011bt ecommerce"},"content":{"rendered":"\r\n<p>Co takhle za\u017e\u00edt fajn pond\u011bln\u00ed r\u00e1na, p\u0159\u00e1telskou atmosf\u00e9ru pohodov\u00fdch lid\u00ed, kde t\u011b nikdo nebude \u017ed\u00edmat, ale d\u00e1 ti prostor vytv\u00e1\u0159et skute\u010dn\u011b ty prav\u00e9 hodnoty. Hled\u00e1me par\u0165\u00e1ka do t\u00fdmu certifikovan\u00fdch Magento expert\u016f s focusem na enterprise e-commerce (miliardov\u00e9 obraty).<br \/>Chce\u0161, aby po tob\u011b z\u016fstalo n\u011bco opravdu velk\u00e9ho a z\u00e1rove\u0148 se c\u00edtit v pohod\u011b? Pak \u010dte\u0161 spr\u00e1vn\u011b, ne\u010dekej a dej n\u00e1m o sob\u011b v\u011bd\u011bt.<br \/>Magento neum\u00ed\u0161? Nevad\u00ed. M\u00e1me to dob\u0159e zm\u00e1kl\u00fd, nau\u010d\u00edme t\u011b to.<\/p>\r\n","protected":false},"excerpt":{"rendered":"<p>Co takhle za\u017e\u00edt fajn pond\u011bln\u00ed r\u00e1na, p\u0159\u00e1telskou atmosf\u00e9ru pohodov\u00fdch lid\u00ed, kde t\u011b nikdo nebude \u017ed\u00edmat, ale d\u00e1 ti prostor vytv\u00e1\u0159et skute\u010dn\u011b ty prav\u00e9 hodnoty. Hled\u00e1me par\u0165\u00e1ka do t\u00fdmu certifikovan\u00fdch Magento expert\u016f s focusem na enterprise e-commerce (miliardov\u00e9 obraty).Chce\u0161, aby po tob\u011b z\u016fstalo n\u011bco opravdu velk\u00e9ho a z\u00e1rove\u0148 se c\u00edtit v pohod\u011b? Pak \u010dte\u0161 spr\u00e1vn\u011b, ne\u010dekej a dej n\u00e1m o sob\u011b v\u011bd\u011bt.Magento neum\u00ed\u0161? Nevad\u00ed. M\u00e1me to dob\u0159e zm\u00e1kl\u00fd, nau\u010d\u00edme t\u011b to.<\/p>\n","protected":false},"author":5,"featured_media":0,"parent":0,"menu_order":0,"comment_status":"closed","ping_status":"closed","template":"page-templates\/jobs.php","meta":{"_acf_changed":false,"footnotes":""},"class_list":["post-213","page","type-page","status-publish","hentry"],"acf":[],"yoast_head":"<!-- This site is optimized with the Yoast SEO plugin v23.7 - https:\/\/yoast.com\/wordpress\/plugins\/seo\/ -->\n<title>P\u0159idej se k n\u00e1m a zm\u011b\u0148 sv\u011bt ecommerce - Kari\u00e9ra MageXo<\/title>\n<meta name=\"robots\" content=\"index, follow, max-snippet:-1, max-image-preview:large, max-video-preview:-1\" \/>\n<link rel=\"canonical\" href=\"https:\/\/www.magexo.cz\/kariera\/volne-pozice\/\" \/>\n<meta property=\"og:locale\" content=\"cs_CZ\" \/>\n<meta property=\"og:type\" content=\"article\" \/>\n<meta property=\"og:title\" content=\"P\u0159idej se k n\u00e1m a zm\u011b\u0148 sv\u011bt ecommerce - Kari\u00e9ra MageXo\" \/>\n<meta property=\"og:description\" content=\"Co takhle za\u017e\u00edt fajn pond\u011bln\u00ed r\u00e1na, p\u0159\u00e1telskou atmosf\u00e9ru pohodov\u00fdch lid\u00ed, kde t\u011b nikdo nebude \u017ed\u00edmat, ale d\u00e1 ti prostor vytv\u00e1\u0159et skute\u010dn\u011b ty prav\u00e9 hodnoty. Hled\u00e1me par\u0165\u00e1ka do t\u00fdmu certifikovan\u00fdch Magento expert\u016f s focusem na enterprise e-commerce (miliardov\u00e9 obraty).Chce\u0161, aby po tob\u011b z\u016fstalo n\u011bco opravdu velk\u00e9ho a z\u00e1rove\u0148 se c\u00edtit v pohod\u011b? Pak \u010dte\u0161 spr\u00e1vn\u011b, ne\u010dekej a dej n\u00e1m o sob\u011b v\u011bd\u011bt.Magento neum\u00ed\u0161? Nevad\u00ed. M\u00e1me to dob\u0159e zm\u00e1kl\u00fd, nau\u010d\u00edme t\u011b to.\" \/>\n<meta property=\"og:url\" content=\"https:\/\/www.magexo.cz\/kariera\/volne-pozice\/\" \/>\n<meta property=\"og:site_name\" content=\"Kari\u00e9ra MageXo\" \/>\n<meta property=\"article:modified_time\" content=\"2020-09-15T13:46:26+00:00\" \/>\n<meta name=\"twitter:card\" content=\"summary_large_image\" \/>\n<script type=\"application\/ld+json\" class=\"yoast-schema-graph\">{\"@context\":\"https:\/\/schema.org\",\"@graph\":[{\"@type\":\"WebPage\",\"@id\":\"https:\/\/www.magexo.cz\/kariera\/volne-pozice\/\",\"url\":\"https:\/\/www.magexo.cz\/kariera\/volne-pozice\/\",\"name\":\"P\u0159idej se k n\u00e1m a zm\u011b\u0148 sv\u011bt ecommerce - Kari\u00e9ra MageXo\",\"isPartOf\":{\"@id\":\"https:\/\/www.magexo.cz\/kariera\/#website\"},\"datePublished\":\"2020-06-14T12:57:25+00:00\",\"dateModified\":\"2020-09-15T13:46:26+00:00\",\"breadcrumb\":{\"@id\":\"https:\/\/www.magexo.cz\/kariera\/volne-pozice\/#breadcrumb\"},\"inLanguage\":\"cs\",\"potentialAction\":[{\"@type\":\"ReadAction\",\"target\":[\"https:\/\/www.magexo.cz\/kariera\/volne-pozice\/\"]}]},{\"@type\":\"BreadcrumbList\",\"@id\":\"https:\/\/www.magexo.cz\/kariera\/volne-pozice\/#breadcrumb\",\"itemListElement\":[{\"@type\":\"ListItem\",\"position\":1,\"name\":\"Dom\u016f\",\"item\":\"https:\/\/www.magexo.cz\/kariera\/\"},{\"@type\":\"ListItem\",\"position\":2,\"name\":\"P\u0159idej se k&nbsp;n\u00e1m a zm\u011b\u0148 sv\u011bt ecommerce\"}]},{\"@type\":\"WebSite\",\"@id\":\"https:\/\/www.magexo.cz\/kariera\/#website\",\"url\":\"https:\/\/www.magexo.cz\/kariera\/\",\"name\":\"Kari\u00e9ra MageXo\",\"description\":\"Dal\u0161\u00ed nov\u00fd web v r\u00e1mci s\u00edt\u011b MageXo s\u00ed\u0165 web\u016f\",\"potentialAction\":[{\"@type\":\"SearchAction\",\"target\":{\"@type\":\"EntryPoint\",\"urlTemplate\":\"https:\/\/www.magexo.cz\/kariera\/?s={search_term_string}\"},\"query-input\":{\"@type\":\"PropertyValueSpecification\",\"valueRequired\":true,\"valueName\":\"search_term_string\"}}],\"inLanguage\":\"cs\"}]}<\/script>\n<!-- \/ Yoast SEO plugin. -->","yoast_head_json":{"title":"P\u0159idej se k n\u00e1m a zm\u011b\u0148 sv\u011bt ecommerce - Kari\u00e9ra MageXo","robots":{"index":"index","follow":"follow","max-snippet":"max-snippet:-1","max-image-preview":"max-image-preview:large","max-video-preview":"max-video-preview:-1"},"canonical":"https:\/\/www.magexo.cz\/kariera\/volne-pozice\/","og_locale":"cs_CZ","og_type":"article","og_title":"P\u0159idej se k n\u00e1m a zm\u011b\u0148 sv\u011bt ecommerce - Kari\u00e9ra MageXo","og_description":"Co takhle za\u017e\u00edt fajn pond\u011bln\u00ed r\u00e1na, p\u0159\u00e1telskou atmosf\u00e9ru pohodov\u00fdch lid\u00ed, kde t\u011b nikdo nebude \u017ed\u00edmat, ale d\u00e1 ti prostor vytv\u00e1\u0159et skute\u010dn\u011b ty prav\u00e9 hodnoty. Hled\u00e1me par\u0165\u00e1ka do t\u00fdmu certifikovan\u00fdch Magento expert\u016f s focusem na enterprise e-commerce (miliardov\u00e9 obraty).Chce\u0161, aby po tob\u011b z\u016fstalo n\u011bco opravdu velk\u00e9ho a z\u00e1rove\u0148 se c\u00edtit v pohod\u011b? Pak \u010dte\u0161 spr\u00e1vn\u011b, ne\u010dekej a dej n\u00e1m o sob\u011b v\u011bd\u011bt.Magento neum\u00ed\u0161? Nevad\u00ed. M\u00e1me to dob\u0159e zm\u00e1kl\u00fd, nau\u010d\u00edme t\u011b to.","og_url":"https:\/\/www.magexo.cz\/kariera\/volne-pozice\/","og_site_name":"Kari\u00e9ra MageXo","article_modified_time":"2020-09-15T13:46:26+00:00","twitter_card":"summary_large_image","schema":{"@context":"https:\/\/schema.org","@graph":[{"@type":"WebPage","@id":"https:\/\/www.magexo.cz\/kariera\/volne-pozice\/","url":"https:\/\/www.magexo.cz\/kariera\/volne-pozice\/","name":"P\u0159idej se k n\u00e1m a zm\u011b\u0148 sv\u011bt ecommerce - Kari\u00e9ra MageXo","isPartOf":{"@id":"https:\/\/www.magexo.cz\/kariera\/#website"},"datePublished":"2020-06-14T12:57:25+00:00","dateModified":"2020-09-15T13:46:26+00:00","breadcrumb":{"@id":"https:\/\/www.magexo.cz\/kariera\/volne-pozice\/#breadcrumb"},"inLanguage":"cs","potentialAction":[{"@type":"ReadAction","target":["https:\/\/www.magexo.cz\/kariera\/volne-pozice\/"]}]},{"@type":"BreadcrumbList","@id":"https:\/\/www.magexo.cz\/kariera\/volne-pozice\/#breadcrumb","itemListElement":[{"@type":"ListItem","position":1,"name":"Dom\u016f","item":"https:\/\/www.magexo.cz\/kariera\/"},{"@type":"ListItem","position":2,"name":"P\u0159idej se k&nbsp;n\u00e1m a zm\u011b\u0148 sv\u011bt ecommerce"}]},{"@type":"WebSite","@id":"https:\/\/www.magexo.cz\/kariera\/#website","url":"https:\/\/www.magexo.cz\/kariera\/","name":"Kari\u00e9ra MageXo","description":"Dal\u0161\u00ed nov\u00fd web v r\u00e1mci s\u00edt\u011b MageXo s\u00ed\u0165 web\u016f","potentialAction":[{"@type":"SearchAction","target":{"@type":"EntryPoint","urlTemplate":"https:\/\/www.magexo.cz\/kariera\/?s={search_term_string}"},"query-input":{"@type":"PropertyValueSpecification","valueRequired":true,"valueName":"search_term_string"}}],"inLanguage":"cs"}]}},"_links":{"self":[{"href":"https:\/\/www.magexo.cz\/kariera\/wp-json\/wp\/v2\/pages\/213"}],"collection":[{"href":"https:\/\/www.magexo.cz\/kariera\/wp-json\/wp\/v2\/pages"}],"about":[{"href":"https:\/\/www.magexo.cz\/kariera\/wp-json\/wp\/v2\/types\/page"}],"author":[{"embeddable":true,"href":"https:\/\/www.magexo.cz\/kariera\/wp-json\/wp\/v2\/users\/5"}],"replies":[{"embeddable":true,"href":"https:\/\/www.magexo.cz\/kariera\/wp-json\/wp\/v2\/comments?post=213"}],"version-history":[{"count":2,"href":"https:\/\/www.magexo.cz\/kariera\/wp-json\/wp\/v2\/pages\/213\/revisions"}],"predecessor-version":[{"id":339,"href":"https:\/\/www.magexo.cz\/kariera\/wp-json\/wp\/v2\/pages\/213\/revisions\/339"}],"wp:attachment":[{"href":"https:\/\/www.magexo.cz\/kariera\/wp-json\/wp\/v2\/media?parent=213"}],"curies":[{"name":"wp","href":"https:\/\/api.w.org\/{rel}","templated":true}]}}